{"id":9,"date":"2026-04-13T22:41:15","date_gmt":"2026-04-13T20:41:15","guid":{"rendered":"http:\/\/localhost:8080\/oktoberfest\/?page_id=9"},"modified":"2026-04-29T08:30:16","modified_gmt":"2026-04-29T06:30:16","slug":"start","status":"publish","type":"page","link":"https:\/\/www.sportclubwaldstatt.ch\/oktoberfest\/","title":{"rendered":"OnePager"},"content":{"rendered":"\n<div class=\"wp-block-cover alignfull .wp-block-cover.mein-kleines-cover { min-height: 300px !important; \/* Erzwingt eine kleinere H\u00f6he *\/ background-position: center 80% Verschiebt das Bild nach oben, schneidet oben ab (80% von gesehen) } wp-duotone-000000-1288ca-1\" style=\"padding-top:var(--wp--preset--spacing--80);padding-right:var(--wp--preset--spacing--40);padding-bottom:var(--wp--preset--spacing--80);padding-left:var(--wp--preset--spacing--40);min-height:856px;aspect-ratio:unset;\"><img decoding=\"async\" class=\"wp-block-cover__image-background\" alt=\"\" src=\"https:\/\/www.sportclubwaldstatt.ch\/oktoberfest\/wp-content\/themes\/neve\/assets\/img\/starter-content\/neve-hero-2.png\" style=\"object-position:50% 100%\" data-object-fit=\"cover\" data-object-position=\"50% 100%\"\/><span aria-hidden=\"true\" class=\"wp-block-cover__background has-background-dim-0 has-background-dim\"><\/span><div class=\"wp-block-cover__inner-container is-layout-flow wp-block-cover-is-layout-flow\">\n<div class=\"wp-block-columns are-vertically-aligned-center is-layout-flex wp-container-core-columns-is-layout-9d6595d7 wp-block-columns-is-layout-flex\">\n<div class=\"wp-block-column is-vertically-aligned-center is-layout-flow wp-block-column-is-layout-flow\" style=\"padding-right:var(--wp--preset--spacing--20);padding-left:var(--wp--preset--spacing--20);flex-basis:65%\">\n<h1 class=\"wp-block-heading has-text-align-left has-nv-text-dark-bg-color has-text-color\">Oktoberfest Waldstatt<br>26. September 2026<\/h1>\n<\/div>\n\n\n\n<div class=\"wp-block-column is-vertically-aligned-center is-layout-flow wp-block-column-is-layout-flow\">\n<figure class=\"wp-block-image size-full\"><img loading=\"lazy\" decoding=\"async\" width=\"446\" height=\"512\" src=\"https:\/\/www.sportclubwaldstatt.ch\/oktoberfest\/wp-content\/uploads\/2026\/04\/Oktoberfest_Logo.png\" alt=\"\" class=\"wp-image-46\"\/><\/figure>\n<\/div>\n<\/div>\n<\/div><\/div>\n\n\n\n<div class=\"wp-block-cover alignfull has-custom-content-position is-position-top-center\"><span aria-hidden=\"true\" class=\"wp-block-cover__background has-nv-text-dark-bg-background-color has-background-dim-100 has-background-dim\"><\/span><div class=\"wp-block-cover__inner-container is-layout-constrained wp-block-cover-is-layout-constrained\">\n<h1 class=\"wp-block-heading has-text-align-center has-neve-link-color-color has-text-color has-link-color wp-elements-8fd2bd040b23ef4949881f7ca8b5be7c\">Herzlich Willkommen<\/h1>\n\n\n\n<h3 class=\"wp-block-heading has-neve-link-color-color has-text-color has-link-color wp-elements-118685f533edd981d87735e7a80c6914\">Liebe Besuchende des Oktoberfest Waldstatt<\/h3>\n\n\n\n<p class=\"has-text-align-left has-neve-link-color-color has-text-color has-link-color wp-elements-8c476068ebb69629e34c83a6479547f1\">Am Samstag, 26. September, bringt der Sportclub Waldstatt ein St\u00fcck bayrischer Festkultur ins Dorf. Das 1. Oktoberfest Waldstatt richtet sich an die erwachsene Dorfbev\u00f6lkerung genauso wie an Freundeskreise, Vereine und Firmen. Der Anlass ersetzt das Badifest, welches w\u00e4hrend 30 Jahren jeweils anfangs August stattfand. Er soll sich als neuer geselliger Treffpunkt im Dorf etablieren.<br>Euer Sportclub Waldstatt<br><\/p>\n<\/div><\/div>\n\n\n\n<div class=\"wp-block-cover alignfull has-nv-site-bg-color has-text-color has-link-color wp-elements-f9dd2599628fbe4232f0b09d258db92f\" style=\"min-height:905px;aspect-ratio:unset;\" id=\"News\"><span aria-hidden=\"true\" class=\"wp-block-cover__background has-neve-link-color-background-color has-background-dim-100 has-background-dim\"><\/span><div class=\"wp-block-cover__inner-container is-layout-flow wp-block-cover-is-layout-flow\">\n<h1 class=\"wp-block-heading has-text-align-left has-nv-site-bg-color has-text-color has-link-color wp-elements-2f66018fa3f30ebe16eba69e4320c4b5\">News<\/h1>\n\n\n\n<div class=\"wp-block-group\"><div class=\"wp-block-group__inner-container is-layout-constrained wp-block-group-is-layout-constrained\">\n<div class=\"wp-block-media-text is-stacked-on-mobile is-vertically-aligned-top\"><figure class=\"wp-block-media-text__media\"><img loading=\"lazy\" decoding=\"async\" width=\"821\" height=\"1007\" src=\"https:\/\/www.sportclubwaldstatt.ch\/oktoberfest\/wp-content\/uploads\/2026\/04\/Oktoberfest_Wettbewerb.jpeg\" alt=\"\" class=\"wp-image-97 size-full\"\/><\/figure><div class=\"wp-block-media-text__content\">\n<p class=\"has-nv-site-bg-color has-text-color has-link-color wp-elements-7747c410b0b68781f75d0f9733b6d80b\">Anl\u00e4sslich eines Wettbewerbs am Unihockeyturnier, dem <a href=\"https:\/\/www.sportclubwaldstatt.ch\/dorfcup\/dorfcup-2026\/index.html\" target=\"_blank\" rel=\"noreferrer noopener\">32. Dorfcup<\/a> im Februar, gewannen Silvan L\u00e4mmler (links) und Noa Streit (Mitte) je 2 Eintrittskarten f\u00fcr das 1. Oktoberfest Waldstatt: <br><br><strong>Herzliche Gratulation!<\/strong><br><br>Die Preise \u00fcbergab Sportclubkassier Marcel R\u00fcegg (rechts) im passenden Outfit.<\/p>\n<\/div><\/div>\n<\/div><\/div>\n<\/div><\/div>\n\n\n\n<div class=\"wp-block-cover alignfull is-light has-custom-content-position is-position-top-center has-nv-site-bg-color has-text-color has-link-color wp-elements-b5df9c340c2fddfd5f9680e93bf14cb2\" style=\"min-height:828px;aspect-ratio:unset;\" id=\"Programm\"><span aria-hidden=\"true\" class=\"wp-block-cover__background has-nv-site-bg-background-color has-background-dim\"><\/span><div class=\"wp-block-cover__inner-container is-layout-flow wp-block-cover-is-layout-flow\">\n<p><\/p>\n\n\n\n<h1 class=\"wp-block-heading has-neve-link-color-color has-text-color has-link-color wp-elements-9358015b590abe08a8cdcd20e96332a1\">Info<\/h1>\n\n\n\n<style>\n  \/* Grund-Container *\/\n  .event-list-main {\n    padding: 20px;\n    background: transparent;\n  }\n\n  \/* Zeilen-Layout *\/\n  .event-entry {\n    display: flex;\n    align-items: center;\n    margin-bottom: 50px; \/* Gro\u00dfer Abstand zwischen den Punkten *\/\n  }\n\n  \/* Icon-Box - DEUTLICH GR\u00d6SSER *\/\n  .event-icon-holder {\n    width: 90px;      \n    height: 90px;\n    margin-right: 40px; \n    flex-shrink: 0;\n    display: flex;\n    align-items: center;\n    justify-content: center;\n  }\n\n  .event-icon-holder img,\n  .event-icon-holder svg {\n    max-width: 100%;\n    max-height: 100%;\n    width: auto;\n    height: auto;\n    display: block;\n    object-fit: contain;\n  }\n\n  \/* Text-Styling - MASSIV GR\u00d6SSER *\/\n  .event-description {\n    font-family: 'Helvetica Neue', Helvetica, Arial, sans-serif;\n    font-size: 34px;    \/* Sehr gro\u00dfe Schrift *\/\n    font-weight: 800;   \/* Extra fett *\/\n    color: #1288CA !important; \n    line-height: 1.1;\n  }\n\n  \/* Link-Fix: Damit der Text sichtbar bleibt *\/\n  .event-entry a {\n    text-decoration: none !important;\n    color: #1288CA !important;\n    display: flex;\n    align-items: center;\n    transition: opacity 0.2s;\n  }\n\n  .event-entry a:hover {\n    opacity: 0.7;\n  }\n<\/style>\n\n<div class=\"event-list-main\">\n\n  <div class=\"event-entry\">\n    <div class=\"event-icon-holder\">\n      <svg viewBox=\"0 0 100 100\" xmlns=\"http:\/\/www.w3.org\/2000\/svg\">\n        <circle cx=\"50\" cy=\"50\" r=\"42\" stroke=\"#1288CA\" stroke-width=\"12\" fill=\"none\" \/>\n        <text x=\"50\" y=\"53\" font-family=\"Arial\" font-size=\"36\" font-weight=\"900\" text-anchor=\"middle\" dominant-baseline=\"middle\" fill=\"#1288CA\">16+<\/text>\n      <\/svg>\n    <\/div>\n    <div class=\"event-description\">Eintritt ab 16 Jahren<\/div>\n  <\/div>\n\n  <div class=\"event-entry\">\n    <a href=\"https:\/\/www.eventfrog.ch\/oktoberfest-waldstatt\" target=\"_blank\" rel=\"noopener\">\n      <div class=\"event-icon-holder\">\n        <img decoding=\"async\" src=\"https:\/\/www.sportclubwaldstatt.ch\/oktoberfest\/wp-content\/uploads\/2026\/04\/eventfrog_hp.png\" alt=\"Tickets\">\n      <\/div>\n      <div class=\"event-description\">Tickets<\/div>\n    <\/a>\n  <\/div>\n\n  <div class=\"event-entry\">\n    <div class=\"event-icon-holder\">\n      <svg viewBox=\"0 0 448 512\" xmlns=\"http:\/\/www.w3.org\/2000\/svg\">\n        <g fill=\"none\" stroke=\"#1288CA\" stroke-width=\"38\" stroke-linecap=\"round\" stroke-linejoin=\"round\">\n          <rect x=\"20\" y=\"80\" width=\"408\" height=\"400\" rx=\"40\" \/>\n          <line x1=\"20\" y1=\"185\" x2=\"428\" y2=\"185\" \/>\n          <line x1=\"128\" y1=\"20\" x2=\"128\" y2=\"120\" \/>\n          <line x1=\"320\" y1=\"20\" x2=\"320\" y2=\"120\" \/>\n          <circle cx=\"120\" cy=\"300\" r=\"18\" fill=\"#1288CA\" stroke=\"none\" \/>\n          <circle cx=\"224\" cy=\"300\" r=\"18\" fill=\"#1288CA\" stroke=\"none\" \/>\n          <circle cx=\"328\" cy=\"300\" r=\"18\" fill=\"#1288CA\" stroke=\"none\" \/>\n        <\/g>\n      <\/svg>\n    <\/div>\n    <div class=\"event-description\">18.00 Uhr &#8211; T\u00fcr\u00f6ffnung<\/div>\n  <\/div>\n\n  <div class=\"event-entry\">\n    <div class=\"event-icon-holder\">\n      <img decoding=\"async\" src=\"https:\/\/www.sportclubwaldstatt.ch\/oktoberfest\/wp-content\/uploads\/2026\/04\/Zapfhan.png\" alt=\"Fassanstich\">\n    <\/div>\n    <div class=\"event-description\">20.00 Uhr &#8211; Fassanstich<\/div>\n  <\/div>\n\n  <div class=\"event-entry\">\n    <a href=\"https:\/\/waldhoeckler.ch\/\" target=\"_blank\" rel=\"noopener\">\n      <div class=\"event-icon-holder\">\n        <img decoding=\"async\" src=\"https:\/\/www.sportclubwaldstatt.ch\/oktoberfest\/wp-content\/uploads\/2026\/04\/Logo_Waldhoeckler_blau_mini_hp-1.jpg\" alt=\"Waldh\u00f6ckler\">\n      <\/div>\n      <div class=\"event-description\">20.30 Uhr &#8211; Musik und Tanz mit den Waldh\u00f6ckler<\/div>\n    <\/a>\n  <\/div>\n\n<\/div>\n<\/div><\/div>\n\n\n\n<div class=\"wp-block-cover alignfull has-nv-site-bg-color has-text-color has-link-color wp-elements-b2a8d661b5ef644cd07b5b98e8c3ca38\" style=\"min-height:804px;aspect-ratio:unset;\" id=\"Anfahrt\"><span aria-hidden=\"true\" class=\"wp-block-cover__background has-neve-link-color-background-color has-background-dim-100 has-background-dim\"><\/span><div class=\"wp-block-cover__inner-container is-layout-flow wp-block-cover-is-layout-flow\">\n<h1 class=\"wp-block-heading has-nv-site-bg-color has-text-color has-link-color wp-elements-df7bbf0f6d00f5913258fa8485f0efb1\">Anfahrt<\/h1>\n\n\n\n<iframe src=\"https:\/\/www.google.com\/maps\/embed?pb=!1m18!1m12!1m3!1d3170.9788770727937!2d9.27860107665989!3d47.35537460529175!2m3!1f0!2f0!3f0!3m2!1i1024!2i768!4f13.1!3m3!1m2!1s0x479adf7a62d4422d%3A0x770289ece29f9622!2sMehrzweckgeb%C3%A4ude!5e1!3m2!1sde!2sch!4v1776373101964!5m2!1sde!2sch\" width=\"100%\" height=\"600\" style=\"border:0;\" allowfullscreen=\"\" loading=\"lazy\" referrerpolicy=\"no-referrer-when-downgrade\"><\/iframe>\n<\/div><\/div>\n","protected":false},"excerpt":{"rendered":"","protected":false},"author":1,"featured_media":0,"parent":0,"menu_order":0,"comment_status":"closed","ping_status":"closed","template":"","meta":{"neve_meta_sidebar":"default","neve_meta_container":"contained","neve_meta_enable_content_width":"on","neve_meta_content_width":100,"neve_meta_title_alignment":"","neve_meta_author_avatar":"","neve_post_elements_order":"","neve_meta_disable_header":"","neve_meta_disable_footer":"","neve_meta_disable_title":"on","footnotes":""},"class_list":["post-9","page","type-page","status-publish","hentry"],"_links":{"self":[{"href":"https:\/\/www.sportclubwaldstatt.ch\/oktoberfest\/wp-json\/wp\/v2\/pages\/9","targetHints":{"allow":["GET"]}}],"collection":[{"href":"https:\/\/www.sportclubwaldstatt.ch\/oktoberfest\/wp-json\/wp\/v2\/pages"}],"about":[{"href":"https:\/\/www.sportclubwaldstatt.ch\/oktoberfest\/wp-json\/wp\/v2\/types\/page"}],"author":[{"embeddable":true,"href":"https:\/\/www.sportclubwaldstatt.ch\/oktoberfest\/wp-json\/wp\/v2\/users\/1"}],"replies":[{"embeddable":true,"href":"https:\/\/www.sportclubwaldstatt.ch\/oktoberfest\/wp-json\/wp\/v2\/comments?post=9"}],"version-history":[{"count":5,"href":"https:\/\/www.sportclubwaldstatt.ch\/oktoberfest\/wp-json\/wp\/v2\/pages\/9\/revisions"}],"predecessor-version":[{"id":236,"href":"https:\/\/www.sportclubwaldstatt.ch\/oktoberfest\/wp-json\/wp\/v2\/pages\/9\/revisions\/236"}],"wp:attachment":[{"href":"https:\/\/www.sportclubwaldstatt.ch\/oktoberfest\/wp-json\/wp\/v2\/media?parent=9"}],"curies":[{"name":"wp","href":"https:\/\/api.w.org\/{rel}","templated":true}]}}